{"id":2199,"date":"2017-10-03T21:01:39","date_gmt":"2017-10-03T21:01:39","guid":{"rendered":"http:\/\/export-1.test-tangibledesign.net\/?page_id=2199"},"modified":"2026-04-06T11:02:40","modified_gmt":"2026-04-06T08:02:40","slug":"services","status":"publish","type":"page","link":"https:\/\/ckkadioglu.com\/tr\/services\/","title":{"rendered":"Hizmetlerimiz"},"content":{"rendered":"<p>[vc_row full_width=&#8221;stretch_row&#8221; css=&#8221;.vc_custom_1579420767104{margin-bottom: 24px !important;}&#8221;][vc_column][vc_column_text]<\/p>\n<h5>Misyonumuz, vizyonumuz ve temel de\u011ferlerimizle olu\u015fturdu\u011fumuz y\u00fcksek kalite politikam\u0131z do\u011frultusunda, \u00fcr\u00fcn ve hizmetlerimizin yaratt\u0131\u011f\u0131 m\u00fc\u015fteri memnuniyetinin b\u00fcy\u00fck \u00f6nemine de inan\u0131yoruz.<\/h5>\n<p>Size m\u00fcmk\u00fcn olan en iyi hizmeti sunmak i\u00e7in, &#8220;<strong>CK Alanya Invest<\/strong>&#8221; olarak, m\u00fc\u015fteri ili\u015fkileri s\u00fcre\u00e7lerini iyile\u015ftirmeye y\u00f6nelik genel stratejiler ve \u00e7abalar yoluyla m\u00fc\u015fteri memnuniyetine olan ba\u011fl\u0131l\u0131\u011f\u0131m\u0131z\u0131 g\u00fc\u00e7lendirdik.[\/vc_column_text][vc_column_text]Kad\u0131o\u011flu \u0130n\u015faat, sat\u0131\u015f sonras\u0131 hizmet yelpazesi ve hizmet d\u00fczeyi ile gurur duymaktad\u0131r. Bunlar \u015funlar\u0131 i\u00e7erir:<\/p>\n<ul>\n<li>Gayrimenkul kiralamak<\/li>\n<li>\u00dccretsiz yasal tavsiye ve i\u015flemler i\u00e7in yasal destek<\/li>\n<li>Bireysel bir portf\u00f6y haz\u0131rlamak<\/li>\n<li>\u0130lgili projelerin tefti\u015finde refakat<\/li>\n<li>Bir T\u00fcrk bankas\u0131nda ipotek kredisi al\u0131nmas\u0131nda yard\u0131m<\/li>\n<li>Tam kapsaml\u0131 sat\u0131\u015f sonras\u0131 hizmetler (dairelerin d\u00f6\u015fenmesi, havaalan\u0131 transferleri, temizlik hizmetleri vb.)<\/li>\n<li>Dairenin yeniden sat\u0131\u015f\u0131, di\u011fer sahipler i\u00e7in kay\u0131t vb.<\/li>\n<li>Uyarlanabilir destek \u2013 al\u0131\u015fveri\u015f merkezlerinin konumunda, b\u00f6lgenin fiyatland\u0131rma politikas\u0131nda, ula\u015f\u0131m sisteminin \u00f6zelliklerinde vb. y\u00f6nlendirme.<\/li>\n<\/ul>\n<p>Bug\u00fcn \u015firket, hakl\u0131 olarak istikrarl\u0131 ve g\u00fcvenilir bir i\u015f orta\u011f\u0131n\u0131n itibar\u0131na sahiptir. Bu, daha fazla geli\u015fme potansiyeli sa\u011flar ve gelece\u011fe g\u00fcvenle bakman\u0131z\u0131 sa\u011flar. Hayallerinizdeki daireyi kolayl\u0131kla bulman\u0131za yard\u0131mc\u0131 olabiliriz![\/vc_column_text]<div class=\"mh-heading-wrapper--left \">\r\n\t\r\n        <div class=\"mh-heading-wrapper\">\r\n            <h4            class=\"mh-heading  mh-heading--bottom-separator   \"\r\n            style=\"font-weight:700;\">\r\n\t\t\tSundu\u011fumuz hizmetler!        <\/h4>\r\n\r\n\t\t    <\/div>\r\n\r\n\t<\/div>[vc_column_text]\u00d6zel bir hizmet t\u00fcr\u00fc sunuyoruz. Bizimle emin ellerdesiniz. De\u011ferli zaman\u0131n\u0131z\u0131n tad\u0131n\u0131 \u00e7\u0131kar\u0131n. \u0130htiyac\u0131n\u0131z ne olursa olsun, yan\u0131n\u0131zda olaca\u011f\u0131z.[\/vc_column_text][\/vc_column][\/vc_row][vc_row][vc_column width=&#8221;1\/3&#8243;]\n<div id=\"interactive-banner-1-wrap-6190\" class=\"ult-banner-block ult-adjust-bottom-margin ult-bb-box ult-banner-block-custom-height banner-style01 \"   style=\"height:240px;\">\n\t<img decoding=\"async\" src=\"https:\/\/ckkadioglu.com\/wp-content\/uploads\/2021\/12\/tapu.jpg\" alt=\"null\">\n\t<h2  data-ultimate-target='#interactive-banner-1-wrap-6190 .bb-top-title '  data-responsive-json-new='{\"font-size\":\"\",\"line-height\":\"\"}'  class=\"title-left bb-top-title ult-responsive\" style=\"font-weight:normal;background:#242424;color:#ffffff;\">Tapu<\/h2>\n\t<div class=\"mask opaque-background\" style=\"background:#dd9933;\">\n\t\t<div  data-ultimate-target='#interactive-banner-1-wrap-6190 .bb-description'  data-responsive-json-new='{\"font-size\":\"\",\"line-height\":\"\"}'  class=\"bb-description ult-responsive\" style=\"font-weight:normal;color:#ffffff;\">Tapu, bir gayrimenkul ediniminin resmi kayd\u0131d\u0131r ve sat\u0131n ald\u0131\u011f\u0131n\u0131z m\u00fclk\u00fcn sahibi oldu\u011funuzun tek kan\u0131t\u0131d\u0131r.<\/div>\n\t<\/div><a class=\"bb-link\" href=\"\/tr\/services\/tapu-title-deed\/\" title=\"Tapu (Title deed)\" ><\/a>\n<\/div>[\/vc_column][vc_column width=&#8221;1\/3&#8243;]\n<div id=\"interactive-banner-1-wrap-4077\" class=\"ult-banner-block ult-adjust-bottom-margin ult-bb-box ult-banner-block-custom-height banner-style01 \"   style=\"height:240px;\">\n\t<img decoding=\"async\" src=\"https:\/\/ckkadioglu.com\/wp-content\/uploads\/2023\/07\/WhatsApp-Image-2023-06-20-at-13.53.49.jpeg\" alt=\"null\">\n\t<h2  data-ultimate-target='#interactive-banner-1-wrap-4077 .bb-top-title '  data-responsive-json-new='{\"font-size\":\"\",\"line-height\":\"\"}'  class=\"title-left bb-top-title ult-responsive\" style=\"font-weight:normal;background:#242424;color:#ffffff;\">Evinizi sat\u0131n ald\u0131ktan sonra<\/h2>\n\t<div class=\"mask opaque-background\" style=\"background:#dd9933;\">\n\t\t<div  data-ultimate-target='#interactive-banner-1-wrap-4077 .bb-description'  data-responsive-json-new='{\"font-size\":\"\",\"line-height\":\"\"}'  class=\"bb-description ult-responsive\" style=\"font-weight:normal;color:#ffffff;\">``CK Alanya Invest`` da M\u00fc\u015fteri hizmetlerinin sadece i\u015fimizin bir par\u00e7as\u0131 olmad\u0131\u011f\u0131na, hizmetin bizim i\u015fimiz oldu\u011funa inan\u0131yoruz.<\/div>\n\t<\/div><a class=\"bb-link\" href=\"\/tr\/services\/after-sales-service\/\" title=\"Evinizi sat\u0131n ald\u0131ktan sonra\" ><\/a>\n<\/div>[\/vc_column][vc_column width=&#8221;1\/3&#8243;]\n<div id=\"interactive-banner-1-wrap-6213\" class=\"ult-banner-block ult-adjust-bottom-margin ult-bb-box ult-banner-block-custom-height banner-style01 \"   style=\"height:240px;\">\n\t<img decoding=\"async\" src=\"https:\/\/ckkadioglu.com\/wp-content\/uploads\/2021\/12\/mobler.jpg\" alt=\"null\">\n\t<h2  data-ultimate-target='#interactive-banner-1-wrap-6213 .bb-top-title '  data-responsive-json-new='{\"font-size\":\"\",\"line-height\":\"\"}'  class=\"title-left bb-top-title ult-responsive\" style=\"font-weight:normal;background:#242424;color:#ffffff;\">M\u00fclkiyet Y\u00f6netimi<\/h2>\n\t<div class=\"mask opaque-background\" style=\"background:#dd9933;\">\n\t\t<div  data-ultimate-target='#interactive-banner-1-wrap-6213 .bb-description'  data-responsive-json-new='{\"font-size\":\"\",\"line-height\":\"\"}'  class=\"bb-description ult-responsive\" style=\"font-weight:normal;color:#ffffff;\">``CK Alanya Invest``, mobilya ve ev e\u015fyas\u0131 sat\u0131n al\u0131m\u0131nda yard\u0131mc\u0131 olur. Sat\u0131\u015f sonras\u0131 ekibimiz sizi ekstra \u00fccret \u00f6demeden kaliteli ve hizmet sunan se\u00e7kin ma\u011fazalara g\u00f6t\u00fcrecektir.<\/div>\n\t<\/div><a class=\"bb-link\" href=\"\/tr\/services\/property-management\/\" title=\"M\u00fclkiyet Y\u00f6netimi\" ><\/a>\n<\/div>[\/vc_column][\/vc_row][vc_row][vc_column][vc_empty_space][\/vc_column][\/vc_row]<\/p>\n","protected":false},"excerpt":{"rendered":"<p>[vc_row full_width=&#8221;stretch_row&#8221; css=&#8221;.vc_custom_1579420767104{margin-bottom: 24px !important;}&#8221;][vc_column][vc_column_text] Misyonumuz, vizyonumuz ve temel de\u011ferlerimizle olu\u015fturdu\u011fumuz y\u00fcksek kalite politikam\u0131z do\u011frultusunda, \u00fcr\u00fcn ve hizmetlerimizin yaratt\u0131\u011f\u0131 m\u00fc\u015fteri memnuniyetinin b\u00fcy\u00fck \u00f6nemine de inan\u0131yoruz. Size m\u00fcmk\u00fcn olan en iyi hizmeti sunmak i\u00e7in, &#8220;CK Alanya Invest&#8221; olarak, m\u00fc\u015fteri ili\u015fkileri s\u00fcre\u00e7lerini iyile\u015ftirmeye y\u00f6nelik genel stratejiler ve \u00e7abalar yoluyla m\u00fc\u015fteri memnuniyetine olan ba\u011fl\u0131l\u0131\u011f\u0131m\u0131z\u0131 g\u00fc\u00e7lendirdik.[\/vc_column_text][vc_column_text]Kad\u0131o\u011flu \u0130n\u015faat, sat\u0131\u015f sonras\u0131 [&hellip;]<\/p>\n","protected":false},"author":14,"featured_media":0,"parent":0,"menu_order":0,"comment_status":"closed","ping_status":"closed","template":"page_full-width-with-top-title.php","meta":{"footnotes":""},"class_list":["post-2199","page","type-page","status-publish","hentry"],"_links":{"self":[{"href":"https:\/\/ckkadioglu.com\/tr\/wp-json\/wp\/v2\/pages\/2199","targetHints":{"allow":["GET"]}}],"collection":[{"href":"https:\/\/ckkadioglu.com\/tr\/wp-json\/wp\/v2\/pages"}],"about":[{"href":"https:\/\/ckkadioglu.com\/tr\/wp-json\/wp\/v2\/types\/page"}],"author":[{"embeddable":true,"href":"https:\/\/ckkadioglu.com\/tr\/wp-json\/wp\/v2\/users\/14"}],"replies":[{"embeddable":true,"href":"https:\/\/ckkadioglu.com\/tr\/wp-json\/wp\/v2\/comments?post=2199"}],"version-history":[{"count":4,"href":"https:\/\/ckkadioglu.com\/tr\/wp-json\/wp\/v2\/pages\/2199\/revisions"}],"predecessor-version":[{"id":9984,"href":"https:\/\/ckkadioglu.com\/tr\/wp-json\/wp\/v2\/pages\/2199\/revisions\/9984"}],"wp:attachment":[{"href":"https:\/\/ckkadioglu.com\/tr\/wp-json\/wp\/v2\/media?parent=2199"}],"curies":[{"name":"wp","href":"https:\/\/api.w.org\/{rel}","templated":true}]}}