{"id":1719,"date":"2017-05-05T15:22:08","date_gmt":"2017-05-05T15:22:08","guid":{"rendered":"http:\/\/export-1.test-tangibledesign.net\/?page_id=1719"},"modified":"2022-05-28T15:41:46","modified_gmt":"2022-05-28T12:41:46","slug":"about-us","status":"publish","type":"page","link":"https:\/\/ckkadioglu.com\/tr\/about-us\/","title":{"rendered":"Hakk\u0131m\u0131zda"},"content":{"rendered":"<p>[vc_row][vc_column css=&#8221;.vc_custom_1512407858131{padding-top: 12px !important;padding-bottom: 24px !important;}&#8221;]<div class=\"mh-heading-wrapper--left \">\r\n\t\r\n        <div class=\"mh-heading-wrapper\">\r\n            <h3            class=\"mh-heading  mh-heading--bottom-separator    vc_custom_1608988384325\"\r\n            style=\"font-weight:700;\">\r\n\t\t\tHAkKIMIZDA        <\/h3>\r\n\r\n\t\t    <\/div>\r\n\r\n\t<\/div>[vc_column_text]<strong>CK Alanya Invest<\/strong> sadece bir gayrimenkul \u00e7\u00f6z\u00fcm\u00fc de\u011fildir, gayrimenkul edinme prosed\u00fcr\u00fcn\u00fcn, sat\u0131\u015f sonras\u0131 hizmetin, gayrimenkul y\u00f6netiminin t\u00fcm a\u015famalar\u0131nda her m\u00fc\u015fteriye bireysel bir yakla\u015f\u0131ma dayanan bir m\u00fc\u015fteri deste\u011fidir.[\/vc_column_text][vc_column_text el_class=&#8221;link-decoration&#8221;]<strong>Kad\u0131o\u011flu \u0130n\u015faat<\/strong> \u015firketi T\u00fcrkiye&#8217;de her t\u00fcrl\u00fc gayrimenkul\u00fcn sat\u0131\u015f\u0131 ile u\u011fra\u015fmaktad\u0131r: apartman, villa, arsa, ticari gayrimenkul ve gayrimenkul in\u015faat\u0131.<\/p>\n<p>18 y\u0131l\u0131 a\u015fk\u0131n bir s\u00fcredir T\u00fcrkiye emlak piyasas\u0131nday\u0131z ve \u00e7e\u015fitli karma\u015f\u0131kl\u0131ktaki gayrimenkul nesnelerinin al\u0131m ve sat\u0131m\u0131na ili\u015fkin i\u015flemlerin hukuki deste\u011finde deneyime sahibiz. Bir \u015fube a\u011f\u0131 geli\u015ftiriyoruz ve T\u00fcrkiye&#8217;nin t\u00fcm b\u00f6lgelerinde geli\u015ftiricilerle kapsaml\u0131 ortakl\u0131klar kuruyoruz.<\/p>\n<p>\u0130n\u015faat \u015firketi <strong>Kad\u0131o\u011flu CK<\/strong>, T\u00fcrkiye&#8217;de her t\u00fcrl\u00fc gayrimenkul\u00fcn sat\u0131\u015f\u0131n\u0131 yapmaktad\u0131r: apartmanlar, villalar, arsalar, ticari m\u00fclkler, vb. \u015eirket, yol yap\u0131m\u0131, deri \u00fcretimi, ticaret ve kuyumculuk \u00fcretimi gibi alanlarda \u00e7e\u015fitlendirilmi\u015f bir i\u015fletmeye sahip Kad\u0131o\u011flu Grup&#8217;u tutan ailenin bir par\u00e7as\u0131d\u0131r, Alanya&#8217;daki ilk Rus okulu &#8220;<a href=\"https:\/\/www.schoolclassica-m.org\/\" target=\"_blank\" rel=\"noopener\">Classic &#8211; M m<\/a>&#8221; (T\u00fcrkiye&#8217;deki Rus okulu &#8220;Classic-M&#8221; &#8221; Alanya (<a href=\"https:\/\/www.schoolclassica-m.org\/\" target=\"_blank\" rel=\"noopener\">schoolclassica -m.org<\/a>)). Kad\u0131o\u011flu Grubu, T\u00fcrkiye&#8217;de geni\u015f arazilere sahiptir ve yat\u0131r\u0131m programlar\u0131 geli\u015ftirmektedir.<\/p>\n<p>Kad\u0131o\u011flu \u0130n\u015faat, sat\u0131\u015f sonras\u0131 hizmet yelpazesi ve hizmet d\u00fczeyi ile gurur duymaktad\u0131r. Bunlar \u015funlar\u0131 i\u00e7erir:<\/p>\n<ul>\n<li>Gayrimenkul kiralamak<\/li>\n<li>\u00dccretsiz yasal tavsiye ve i\u015flemler i\u00e7in yasal destek<\/li>\n<li>Bireysel bir portf\u00f6y haz\u0131rlamak<\/li>\n<li>\u0130lgili projelerin tefti\u015finde refakat<\/li>\n<li>Bir T\u00fcrk bankas\u0131nda ipotek kredisi al\u0131nmas\u0131nda yard\u0131m<\/li>\n<li>Tam kapsaml\u0131 sat\u0131\u015f sonras\u0131 hizmetler (dairelerin d\u00f6\u015fenmesi, havaalan\u0131 transferleri, temizlik hizmetleri vb.)<\/li>\n<li>Dairenin yeniden sat\u0131\u015f\u0131, di\u011fer sahipler i\u00e7in kay\u0131t vb.<\/li>\n<li>Uyarlanabilir destek &#8211; al\u0131\u015fveri\u015f merkezlerinin konumunda, b\u00f6lgenin fiyatland\u0131rma politikas\u0131nda, ula\u015f\u0131m sisteminin \u00f6zelliklerinde vb. y\u00f6nlendirme.<\/li>\n<\/ul>\n<p>Bug\u00fcn \u015firket, hakl\u0131 olarak istikrarl\u0131 ve g\u00fcvenilir bir i\u015f orta\u011f\u0131n\u0131n itibar\u0131na sahiptir. Bu, daha fazla geli\u015fme potansiyeli sa\u011flar ve gelece\u011fe g\u00fcvenle bakman\u0131z\u0131 sa\u011flar. Hayallerinizdeki daireyi kolayl\u0131kla bulman\u0131za yard\u0131mc\u0131 olabiliriz![\/vc_column_text][\/vc_column][\/vc_row][vc_row][vc_column]<div class=\" \">\r\n\t\r\n        <div class=\"mh-heading-wrapper\">\r\n            <h2            class=\"mh-heading  mh-heading--bottom-separator   \"\r\n            style=\"font-weight:700;\">\r\n\t\t\tM\u00fc\u015fterilerimiz ne d\u00fc\u015f\u00fcn\u00fcyor        <\/h2>\r\n\r\n\t\t    <\/div>\r\n\r\n\t<\/div>\t<div class=\"owl-carousel owl-carousel--visible-1  mh-testimonials--dark mh-testimonials--standard\">\r\n\t\t\t\t\t<div class=\"item\">\r\n\t\t\t\t<article class=\"mh-testimonial\">\r\n\t\t\t\t\t<div class=\"mh-testimonial__inner\">\r\n\t\t\t\t\t\t<blockquote class=\"mh-testimonial__text\">\r\n\t\t\t\t\t\t\t<p>Akdeniz k\u0131y\u0131s\u0131nda konut arayan herkese iyi g\u00fcnler. T\u00fcm emlak ofisi <strong>CK Alanya Invest&#8217;e<\/strong> \u015f\u00fckranlar\u0131m\u0131 sunmak istiyorum. 2021 y\u0131l\u0131n\u0131n ortalar\u0131nda Avsallar b\u00f6lgesinde ailem i\u00e7in bir daire ald\u0131m, i\u015flem h\u0131zl\u0131 ve ba\u015far\u0131l\u0131 bir \u015fekilde ger\u00e7ekle\u015fti, \u015firket sat\u0131n alma s\u0131ras\u0131nda ve sonras\u0131nda bir\u00e7ok zorlukta yard\u0131mc\u0131 oldu.<\/p>\n\t\t\t\t\t\t<\/blockquote>\r\n\t\t\t\t\t\t<div class=\"mh-testimonial__photo\">\r\n\t\t\t\t\t\t\t\t\t<img\r\n\t\t\t\t\t\t\tdata-srcset=\"https:\/\/ckkadioglu.com\/wp-content\/uploads\/2017\/02\/unnamed-100x100.jpg 100w, https:\/\/ckkadioglu.com\/wp-content\/uploads\/2017\/02\/unnamed-300x300.jpg 300w, https:\/\/ckkadioglu.com\/wp-content\/uploads\/2017\/02\/unnamed-150x150.jpg 150w, https:\/\/ckkadioglu.com\/wp-content\/uploads\/2017\/02\/unnamed-768x768.jpg 768w, https:\/\/ckkadioglu.com\/wp-content\/uploads\/2017\/02\/unnamed-400x400.jpg 400w, https:\/\/ckkadioglu.com\/wp-content\/uploads\/2017\/02\/unnamed-200x200.jpg 200w, https:\/\/ckkadioglu.com\/wp-content\/uploads\/2017\/02\/unnamed.jpg 900w\"\r\n\t\t\t\tclass=\"lazyload \"\r\n\t\t\t\tdata-sizes=\"auto\"\r\n\t\t\t\t\t\talt=\"Alexandr Melnikov\"\r\n\t\t>\r\n\t\t\t\t\t\t\t\t<\/div>\r\n\r\n\t\t\t\t\t\t\t\t\t\t\t\t\t<div class=\"mh-testimonial__author-info\">\r\n\t\t\t\t\t\t\t\t\t\t\t\t\t\t\t\t\t<h3 class=\"mh-testimonial__author\">\r\n\t\t\t\t\t\t\t\t\t\tAlexandr Melnikov\t\t\t\t\t\t\t\t\t<\/h3>\r\n\t\t\t\t\t\t\t\t\r\n\t\t\t\t\t\t\t\t\t\t\t\t\t\t\t\t\t<div class=\"mh-testimonial__occupation\">\r\n\t\t\t\t\t\t\t\t\t\tRussia\t\t\t\t\t\t\t\t\t<\/div>\r\n\t\t\t\t\t\t\t\t\t\t\t\t\t\t\t<\/div>\r\n\t\t\t\t\t\t\t\t\t\t\t<\/div>\r\n\t\t\t\t<\/article>\r\n\t\t\t<\/div>\r\n\t\t\t\t\t<div class=\"item\">\r\n\t\t\t\t<article class=\"mh-testimonial\">\r\n\t\t\t\t\t<div class=\"mh-testimonial__inner\">\r\n\t\t\t\t\t\t<blockquote class=\"mh-testimonial__text\">\r\n\t\t\t\t\t\t\t<p>We would like to thank all of your teem for your warm welcome! We finally bought house in warm and beautiful Alanya and we can bring our children and grandchildren with us to here any time of the year, thank you <strong>CK Alanya Invest<\/strong><\/p>\n\t\t\t\t\t\t<\/blockquote>\r\n\t\t\t\t\t\t<div class=\"mh-testimonial__photo\">\r\n\t\t\t\t\t\t\t\t\t<img\r\n\t\t\t\t\t\t\tdata-srcset=\"https:\/\/ckkadioglu.com\/wp-content\/uploads\/2017\/02\/zhenshina-100x100.jpg 100w, https:\/\/ckkadioglu.com\/wp-content\/uploads\/2017\/02\/zhenshina-150x150.jpg 150w, https:\/\/ckkadioglu.com\/wp-content\/uploads\/2017\/02\/zhenshina-400x400.jpg 400w, https:\/\/ckkadioglu.com\/wp-content\/uploads\/2017\/02\/zhenshina-200x200.jpg 200w\"\r\n\t\t\t\tclass=\"lazyload \"\r\n\t\t\t\tdata-sizes=\"auto\"\r\n\t\t\t\t\t\talt=\"Daniella Nelson\"\r\n\t\t>\r\n\t\t\t\t\t\t\t\t<\/div>\r\n\r\n\t\t\t\t\t\t\t\t\t\t\t\t\t<div class=\"mh-testimonial__author-info\">\r\n\t\t\t\t\t\t\t\t\t\t\t\t\t\t\t\t\t<h3 class=\"mh-testimonial__author\">\r\n\t\t\t\t\t\t\t\t\t\tDaniella Nelson\t\t\t\t\t\t\t\t\t<\/h3>\r\n\t\t\t\t\t\t\t\t\r\n\t\t\t\t\t\t\t\t\t\t\t\t\t\t\t\t\t<div class=\"mh-testimonial__occupation\">\r\n\t\t\t\t\t\t\t\t\t\tNorve\u00e7\t\t\t\t\t\t\t\t\t<\/div>\r\n\t\t\t\t\t\t\t\t\t\t\t\t\t\t\t<\/div>\r\n\t\t\t\t\t\t\t\t\t\t\t<\/div>\r\n\t\t\t\t<\/article>\r\n\t\t\t<\/div>\r\n\t\t\t\t\t<div class=\"item\">\r\n\t\t\t\t<article class=\"mh-testimonial\">\r\n\t\t\t\t\t<div class=\"mh-testimonial__inner\">\r\n\t\t\t\t\t\t<blockquote class=\"mh-testimonial__text\">\r\n\t\t\t\t\t\t\t<p>2020 yaz\u0131nda Mahmutlar&#8217;da bir ev sat\u0131n ald\u0131k ve fazlas\u0131yla memnun kald\u0131k. <strong>CK Alanya<\/strong> ekibi, ilk ziyaretten sat\u0131n alma a\u015famas\u0131na kadar bize her \u015fey dahil bir paket sundu. Ayr\u0131ca C<strong>K Alanya Invest<\/strong> bize her zaman s\u00f6z ve fiilen destek olmu\u015ftur. \u00c7\u00f6z\u00fclemeyecek hi\u00e7bir sorun ya da durum yoktu!<\/p>\n\t\t\t\t\t\t<\/blockquote>\r\n\t\t\t\t\t\t<div class=\"mh-testimonial__photo\">\r\n\t\t\t\t\t\t\t\t\t<img\r\n\t\t\t\t\t\t\tdata-srcset=\"https:\/\/ckkadioglu.com\/wp-content\/uploads\/2017\/02\/2819421845-100x100.jpg 100w, https:\/\/ckkadioglu.com\/wp-content\/uploads\/2017\/02\/2819421845-150x150.jpg 150w, https:\/\/ckkadioglu.com\/wp-content\/uploads\/2017\/02\/2819421845-400x400.jpg 400w, https:\/\/ckkadioglu.com\/wp-content\/uploads\/2017\/02\/2819421845-200x200.jpg 200w\"\r\n\t\t\t\tclass=\"lazyload \"\r\n\t\t\t\tdata-sizes=\"auto\"\r\n\t\t\t\t\t\talt=\"Larisa Morozova\"\r\n\t\t>\r\n\t\t\t\t\t\t\t\t<\/div>\r\n\r\n\t\t\t\t\t\t\t\t\t\t\t\t\t<div class=\"mh-testimonial__author-info\">\r\n\t\t\t\t\t\t\t\t\t\t\t\t\t\t\t\t\t<h3 class=\"mh-testimonial__author\">\r\n\t\t\t\t\t\t\t\t\t\tLarisa Morozova\t\t\t\t\t\t\t\t\t<\/h3>\r\n\t\t\t\t\t\t\t\t\r\n\t\t\t\t\t\t\t\t\t\t\t\t\t\t\t\t\t<div class=\"mh-testimonial__occupation\">\r\n\t\t\t\t\t\t\t\t\t\tUkraine\t\t\t\t\t\t\t\t\t<\/div>\r\n\t\t\t\t\t\t\t\t\t\t\t\t\t\t\t<\/div>\r\n\t\t\t\t\t\t\t\t\t\t\t<\/div>\r\n\t\t\t\t<\/article>\r\n\t\t\t<\/div>\r\n\t\t\t<\/div>\r\n[\/vc_column][\/vc_row][vc_row full_width=&#8221;stretch_row&#8221; css=&#8221;.vc_custom_1608987457755{background-color: #f4f4f4 !important;}&#8221;][vc_column css=&#8221;.vc_custom_1494333727302{padding-top: 39px !important;padding-bottom: 24px !important;}&#8221;]<div class=\" \">\r\n\t\r\n        <div class=\"mh-heading-wrapper\">\r\n            <h4            class=\"mh-heading  mh-heading--bottom-separator    vc_custom_1608988631472\"\r\n            style=\"font-weight:700;\">\r\n\t\t\t\u0130\u015f Ortaklar\u0131m\u0131z        <\/h4>\r\n\r\n\t\t    <\/div>\r\n\r\n\t<\/div>\t<div class=\"owl-carousel mh-clients owl-carousel--visible-5  \">\r\n\t\t\t\t\t<div class=\"item\">\r\n\t\t\t\t<div class=\"mh-client\">\r\n\t\t\t\t\t\t\t\t\t\t<a href=\"http:\/\/www.leartes.net\" title=\"Leartes.NET\"\r\n\t\t\t\t\t   target=\"_blank\">\r\n\t\t\t\t\t\t<img loading=\"lazy\" decoding=\"async\" width=\"324\" height=\"56\" src=\"https:\/\/ckkadioglu.com\/wp-content\/uploads\/2017\/02\/logo-leartes_net.png\" class=\"attachment-full size-full wp-post-image\" alt=\"\" srcset=\"https:\/\/ckkadioglu.com\/wp-content\/uploads\/2017\/02\/logo-leartes_net.png 324w, https:\/\/ckkadioglu.com\/wp-content\/uploads\/2017\/02\/logo-leartes_net-300x52.png 300w\" sizes=\"auto, (max-width: 324px) 100vw, 324px\" \/>\t\t\t\t\t<\/a>\r\n\t\t\t\t\t\t\t\t<\/div>\r\n\t\t\t<\/div>\r\n\t\t\t\t\t<div class=\"item\">\r\n\t\t\t\t<div class=\"mh-client\">\r\n\t\t\t\t\t\t\t\t\t\t<a href=\"https:\/\/www.enzahome.com.tr\/\" title=\"Enza Home\"\r\n\t\t\t\t\t   target=\"_blank\">\r\n\t\t\t\t\t\t<img loading=\"lazy\" decoding=\"async\" width=\"324\" height=\"56\" src=\"https:\/\/ckkadioglu.com\/wp-content\/uploads\/2017\/02\/enza-logo.png\" class=\"attachment-full size-full wp-post-image\" alt=\"\" srcset=\"https:\/\/ckkadioglu.com\/wp-content\/uploads\/2017\/02\/enza-logo.png 324w, https:\/\/ckkadioglu.com\/wp-content\/uploads\/2017\/02\/enza-logo-300x52.png 300w\" sizes=\"auto, (max-width: 324px) 100vw, 324px\" \/>\t\t\t\t\t<\/a>\r\n\t\t\t\t\t\t\t\t<\/div>\r\n\t\t\t<\/div>\r\n\t\t\t\t\t<div class=\"item\">\r\n\t\t\t\t<div class=\"mh-client\">\r\n\t\t\t\t\t\t\t\t\t\t<a href=\"https:\/\/www.kamburoglu.com.tr\/\" title=\"Kamburoglu\"\r\n\t\t\t\t\t   target=\"_blank\">\r\n\t\t\t\t\t\t<img loading=\"lazy\" decoding=\"async\" width=\"324\" height=\"56\" src=\"https:\/\/ckkadioglu.com\/wp-content\/uploads\/2017\/02\/kamburoglu.png\" class=\"attachment-full size-full wp-post-image\" alt=\"\" srcset=\"https:\/\/ckkadioglu.com\/wp-content\/uploads\/2017\/02\/kamburoglu.png 324w, https:\/\/ckkadioglu.com\/wp-content\/uploads\/2017\/02\/kamburoglu-300x52.png 300w\" sizes=\"auto, (max-width: 324px) 100vw, 324px\" \/>\t\t\t\t\t<\/a>\r\n\t\t\t\t\t\t\t\t<\/div>\r\n\t\t\t<\/div>\r\n\t\t\t\t\t<div class=\"item\">\r\n\t\t\t\t<div class=\"mh-client\">\r\n\t\t\t\t\t\t\t\t\t\t<a href=\"http:\/\/www.mixxtravel.com\/\" title=\"Mixx Travel\"\r\n\t\t\t\t\t   target=\"_blank\">\r\n\t\t\t\t\t\t<img loading=\"lazy\" decoding=\"async\" width=\"324\" height=\"56\" src=\"https:\/\/ckkadioglu.com\/wp-content\/uploads\/2017\/02\/mixx-travel.png\" class=\"attachment-full size-full wp-post-image\" alt=\"\" srcset=\"https:\/\/ckkadioglu.com\/wp-content\/uploads\/2017\/02\/mixx-travel.png 324w, https:\/\/ckkadioglu.com\/wp-content\/uploads\/2017\/02\/mixx-travel-300x52.png 300w\" sizes=\"auto, (max-width: 324px) 100vw, 324px\" \/>\t\t\t\t\t<\/a>\r\n\t\t\t\t\t\t\t\t<\/div>\r\n\t\t\t<\/div>\r\n\t\t\t\t\t<div class=\"item\">\r\n\t\t\t\t<div class=\"mh-client\">\r\n\t\t\t\t\t\t\t\t\t\t<a href=\"http:\/\/garanti.com.tr\/\" title=\"Garanti BBVA\"\r\n\t\t\t\t\t   target=\"_blank\">\r\n\t\t\t\t\t\t<img loading=\"lazy\" decoding=\"async\" width=\"324\" height=\"56\" src=\"https:\/\/ckkadioglu.com\/wp-content\/uploads\/2017\/02\/garantibbva-logo.png\" class=\"attachment-full size-full wp-post-image\" alt=\"\" srcset=\"https:\/\/ckkadioglu.com\/wp-content\/uploads\/2017\/02\/garantibbva-logo.png 324w, https:\/\/ckkadioglu.com\/wp-content\/uploads\/2017\/02\/garantibbva-logo-300x52.png 300w\" sizes=\"auto, (max-width: 324px) 100vw, 324px\" \/>\t\t\t\t\t<\/a>\r\n\t\t\t\t\t\t\t\t<\/div>\r\n\t\t\t<\/div>\r\n\t\t\t<\/div>\r\n[\/vc_column][\/vc_row]<\/p>\n","protected":false},"excerpt":{"rendered":"<p>[vc_row][vc_column css=&#8221;.vc_custom_1512407858131{padding-top: 12px !important;padding-bottom: 24px !important;}&#8221;][vc_column_text]CK Alanya Invest sadece bir gayrimenkul \u00e7\u00f6z\u00fcm\u00fc de\u011fildir, gayrimenkul edinme prosed\u00fcr\u00fcn\u00fcn, sat\u0131\u015f sonras\u0131 hizmetin, gayrimenkul y\u00f6netiminin t\u00fcm a\u015famalar\u0131nda her m\u00fc\u015fteriye bireysel bir yakla\u015f\u0131ma dayanan bir m\u00fc\u015fteri deste\u011fidir.[\/vc_column_text][vc_column_text el_class=&#8221;link-decoration&#8221;]Kad\u0131o\u011flu \u0130n\u015faat \u015firketi T\u00fcrkiye&#8217;de her t\u00fcrl\u00fc gayrimenkul\u00fcn sat\u0131\u015f\u0131 ile u\u011fra\u015fmaktad\u0131r: apartman, villa, arsa, ticari gayrimenkul ve gayrimenkul in\u015faat\u0131. 18 y\u0131l\u0131 a\u015fk\u0131n bir s\u00fcredir [&hellip;]<\/p>\n","protected":false},"author":14,"featured_media":0,"parent":0,"menu_order":0,"comment_status":"closed","ping_status":"closed","template":"page_full-width-with-top-title.php","meta":{"footnotes":""},"class_list":["post-1719","page","type-page","status-publish","hentry"],"_links":{"self":[{"href":"https:\/\/ckkadioglu.com\/tr\/wp-json\/wp\/v2\/pages\/1719","targetHints":{"allow":["GET"]}}],"collection":[{"href":"https:\/\/ckkadioglu.com\/tr\/wp-json\/wp\/v2\/pages"}],"about":[{"href":"https:\/\/ckkadioglu.com\/tr\/wp-json\/wp\/v2\/types\/page"}],"author":[{"embeddable":true,"href":"https:\/\/ckkadioglu.com\/tr\/wp-json\/wp\/v2\/users\/14"}],"replies":[{"embeddable":true,"href":"https:\/\/ckkadioglu.com\/tr\/wp-json\/wp\/v2\/comments?post=1719"}],"version-history":[{"count":4,"href":"https:\/\/ckkadioglu.com\/tr\/wp-json\/wp\/v2\/pages\/1719\/revisions"}],"predecessor-version":[{"id":9121,"href":"https:\/\/ckkadioglu.com\/tr\/wp-json\/wp\/v2\/pages\/1719\/revisions\/9121"}],"wp:attachment":[{"href":"https:\/\/ckkadioglu.com\/tr\/wp-json\/wp\/v2\/media?parent=1719"}],"curies":[{"name":"wp","href":"https:\/\/api.w.org\/{rel}","templated":true}]}}