{"id":1674,"date":"2017-05-05T10:50:45","date_gmt":"2017-05-05T10:50:45","guid":{"rendered":"http:\/\/export-1.test-tangibledesign.net\/?page_id=1674"},"modified":"2023-08-05T10:21:01","modified_gmt":"2023-08-05T07:21:01","slug":"contact","status":"publish","type":"page","link":"https:\/\/ckkadioglu.com\/tr\/contact\/","title":{"rendered":"\u0130leti\u015fim"},"content":{"rendered":"<p>[vc_row full_width=&#8221;stretch_row_content_no_spaces&#8221;][vc_column][vc_gmaps link=&#8221;#E-8_JTNDaWZyYW1lJTIwc3JjJTNEJTIyaHR0cHMlM0ElMkYlMkZ3d3cuZ29vZ2xlLmNvbSUyRm1hcHMlMkZlbWJlZCUzRnBiJTNEJTIxMW0xNCUyMTFtOCUyMTFtMyUyMTFkNjQwOS43MzUzMDA3NzUxMzklMjEyZDMxLjk5Mzc1Njk5OTk5OTk5NSUyMTNkMzYuNTU3MzA0JTIxM20yJTIxMWkxMDI0JTIxMmk3NjglMjE0ZjEzLjElMjEzbTMlMjExbTIlMjExczB4MTRkYzk4ODFjNDRiODliNyUyNTNBMHg1YTdiZGExYmJlNzA4NjA1JTIxMnNTdWclMjVDMyUyNUI2eiUyNUMzJTI1QkMlMjUyQyUyNTIwS2V5a3ViYXQlMjUyMEJsdi4lMjUyME5vJTI1M0E4NyUyNTJDJTI1MjAwNzQwMCUyNTIwQWxhbnlhJTI1MkZBbnRhbHlhJTIxNWUwJTIxM20yJTIxMXNlbiUyMTJzdHIlMjE0djE2NTI2MDIwNTM3NjIlMjE1bTIlMjExc2VuJTIxMnN0ciUyMiUyMHdpZHRoJTNEJTIyNjAwJTIyJTIwaGVpZ2h0JTNEJTIyMzUwJTIyJTIwc3R5bGUlM0QlMjJib3JkZXIlM0EwJTNCJTIyJTIwYWxsb3dmdWxsc2NyZWVuJTNEJTIyJTIyJTIwbG9hZGluZyUzRCUyMmxhenklMjIlMjByZWZlcnJlcnBvbGljeSUzRCUyMm5vLXJlZmVycmVyLXdoZW4tZG93bmdyYWRlJTIyJTNFJTNDJTJGaWZyYW1lJTNF&#8221; css=&#8221;.vc_custom_1652608498786{margin-top: 0px !important;margin-right: 0px !important;margin-bottom: 0px !important;margin-left: 0px !important;border-top-width: 0px !important;border-right-width: 0px !important;border-bottom-width: 0px !important;border-left-width: 0px !important;padding-top: 0px !important;padding-right: 0px !important;padding-bottom: 0px !important;padding-left: 0px !important;}&#8221;][\/vc_column][\/vc_row][vc_row full_width=&#8221;stretch_row&#8221; css=&#8221;.vc_custom_1579341302886{border-top-width: 3px !important;border-top-color: #dd9933 !important;border-top-style: solid !important;}&#8221;][vc_column]<div class=\"mh-heading-wrapper--left \">\r\n\t\r\n        <div class=\"mh-heading-wrapper\">\r\n            <h2            class=\"mh-heading  mh-heading--bottom-separator   \"\r\n            style=\"font-weight:700;\">\r\n\t\t\t\u0130leti\u015fim        <\/h2>\r\n\r\n\t\t    <\/div>\r\n\r\n\t<\/div>[vc_column_text]Bizimle ileti\u015fime ge\u00e7mek i\u00e7in a\u015fa\u011f\u0131daki bilgileri kullan\u0131n veya ileti\u015fim formunu kullanarak mesaj b\u0131rak\u0131n.[\/vc_column_text][\/vc_column][\/vc_row][vc_row full_width=&#8221;stretch_row&#8221; equal_height=&#8221;yes&#8221; css=&#8221;.vc_custom_1579341147743{margin-bottom: 48px !important;}&#8221;][vc_column width=&#8221;5\/12&#8243; css=&#8221;.vc_custom_1579345310746{padding-right: 24px !important;}&#8221; el_class=&#8221;wpcf7-container&#8221;][vc_column_text]<strong>CK Alanya Invest<\/strong><br \/>\nK\u00fc\u00e7\u00fck Hasbah\u00e7e Mah. Keykubat Bulvar\u0131 87\/B<br \/>\n07400 Alanya\/Antalya<\/p>\n<ul class=\"fa-ul\">\n<li><i class=\"fa-li fa fa-phone-square\"><\/i><a href=\"tel:+902425192926\">+90 242 519 29 26<\/a><\/li>\n<li><i class=\"fa-li fa fa-whatsapp\"><\/i><a href=\"https:\/\/wa.me\/+905301578643\" target=\"_blank\" rel=\"noopener\">+90 530 157 86 43<\/a><\/li>\n<li><i class=\"fa-li fa fa-envelope\"><\/i><a href=\"mailto:info@ckkadioglu.com\">info@ckkadioglu.com<\/a><\/li>\n<\/ul>\n<p>[\/vc_column_text]<div class=\"mh-heading-wrapper--left \">\r\n\t\r\n        <div class=\"mh-heading-wrapper\">\r\n            <h4            class=\"mh-heading     \"\r\n            style=\"font-weight:700;\">\r\n\t\t\t\u0130leti\u015fim Formu        <\/h4>\r\n\r\n\t\t    <\/div>\r\n\r\n\t<\/div>\n<div class=\"wpcf7 no-js\" id=\"wpcf7-f3395-o1\" lang=\"tr-TR\" dir=\"ltr\" data-wpcf7-id=\"3395\">\n<div class=\"screen-reader-response\"><p role=\"status\" aria-live=\"polite\" aria-atomic=\"true\"><\/p> <ul><\/ul><\/div>\n<form action=\"\/tr\/wp-json\/wp\/v2\/pages\/1674#wpcf7-f3395-o1\" method=\"post\" class=\"wpcf7-form init\" aria-label=\"\u0130leti\u015fim Formu\" novalidate=\"novalidate\" data-status=\"init\">\n<fieldset class=\"hidden-fields-container\"><input type=\"hidden\" name=\"_wpcf7\" value=\"3395\" \/><input type=\"hidden\" name=\"_wpcf7_version\" value=\"6.1.5\" \/><input type=\"hidden\" name=\"_wpcf7_locale\" value=\"tr_TR\" \/><input type=\"hidden\" name=\"_wpcf7_unit_tag\" value=\"wpcf7-f3395-o1\" \/><input type=\"hidden\" name=\"_wpcf7_container_post\" value=\"0\" \/><input type=\"hidden\" name=\"_wpcf7_posted_data_hash\" value=\"\" \/><input type=\"hidden\" name=\"_wpcf7_recaptcha_response\" value=\"\" \/>\n<\/fieldset>\n<p><label><span class=\"wpcf7-form-control-wrap\" data-name=\"your-name\"><input size=\"40\" maxlength=\"400\" class=\"wpcf7-form-control wpcf7-text wpcf7-validates-as-required\" aria-required=\"true\" aria-invalid=\"false\" placeholder=\"Ad\u0131n\u0131z*\" value=\"\" type=\"text\" name=\"your-name\" \/><\/span><\/label><br \/>\n<label><span class=\"wpcf7-form-control-wrap\" data-name=\"your-email\"><input size=\"40\" maxlength=\"400\" class=\"wpcf7-form-control wpcf7-email wpcf7-validates-as-required wpcf7-text wpcf7-validates-as-email\" aria-required=\"true\" aria-invalid=\"false\" placeholder=\"E-posta adresiniz*\" value=\"\" type=\"email\" name=\"your-email\" \/><\/span><\/label><br \/>\n<label><span class=\"wpcf7-form-control-wrap\" data-name=\"your-subject\"><input size=\"40\" maxlength=\"400\" class=\"wpcf7-form-control wpcf7-text\" aria-invalid=\"false\" placeholder=\"Konu\" value=\"\" type=\"text\" name=\"your-subject\" \/><\/span> <\/label><br \/>\n<label><span class=\"wpcf7-form-control-wrap\" data-name=\"your-message\"><textarea cols=\"40\" rows=\"4\" maxlength=\"2000\" class=\"wpcf7-form-control wpcf7-textarea\" aria-invalid=\"false\" placeholder=\"\u0130letiniz\" name=\"your-message\"><\/textarea><\/span> <\/label><br \/>\n<input class=\"wpcf7-form-control wpcf7-submit has-spinner\" type=\"submit\" value=\"G\u00f6nder\" \/>\n<\/p><input type='hidden' class='wpcf7-pum' value='{\"closepopup\":false,\"closedelay\":0,\"openpopup\":false,\"openpopup_id\":0}' \/><div class=\"wpcf7-response-output\" aria-hidden=\"true\"><\/div>\n<\/form>\n<\/div>\n<div class=\"essbfc-container essbfc-container-profiles essbfc-col-profiles essbfc-template-metro\"><ul><li class=\"essbfc-facebook\"><a href=\"https:\/\/www.facebook.com\/AlanyaaCK\" target=\"_blank\" rel=\"nofollow\" title=\"\"><div class=\"essbfc-network\"><i class=\"essbfc-icon essbfc-icon-facebook\"><\/i><\/div><\/a><\/li><li class=\"essbfc-instagram\"><a href=\"https:\/\/www.instagram.com\/ck_kadioglu\/\" target=\"_blank\" rel=\"nofollow\" title=\"\"><div class=\"essbfc-network\"><i class=\"essbfc-icon essbfc-icon-instagram\"><\/i><\/div><\/a><\/li><li class=\"essbfc-youtube\"><a href=\"https:\/\/www.youtube.com\/@Kadiogluck\" target=\"_blank\" rel=\"nofollow\" title=\"\"><div class=\"essbfc-network\"><i class=\"essbfc-icon essbfc-icon-youtube\"><\/i><\/div><\/a><\/li><li class=\"essbfc-vk\"><a href=\"https:\/\/vk.com\/alanyack\" target=\"_blank\" rel=\"nofollow\" title=\"\"><div class=\"essbfc-network\"><i class=\"essbfc-icon essbfc-icon-vk\"><\/i><\/div><\/a><\/li><li class=\"essbfc-whatsapp\"><a href=\"https:\/\/wa.me\/+905301578643\" target=\"_blank\" rel=\"nofollow\" title=\"\"><div class=\"essbfc-network\"><i class=\"essbfc-icon essbfc-icon-whatsapp\"><\/i><\/div><\/a><\/li><\/ul><\/div>[\/vc_column][vc_column width=&#8221;7\/12&#8243; css=&#8221;.vc_custom_1494336835635{padding-right: 24px !important;padding-left: 24px !important;background-color: #f4f4f4 !important;}&#8221;]<div class=\"mh-heading-wrapper--left \">\r\n\t\r\n        <div class=\"mh-heading-wrapper\">\r\n            <h4            class=\"mh-heading     \"\r\n            style=\"font-weight:700;\">\r\n\t\t\tEkibimiz        <\/h4>\r\n\r\n\t\t    <\/div>\r\n\r\n\t<\/div>[vc_column_text]G\u00f6r\u00fc\u015fleriniz ve fikirleriniz bizim i\u00e7in her zaman \u00e7ok \u00f6nemlidir.<br \/>\n<span style=\"vertical-align: inherit;\"><span style=\"vertical-align: inherit;\">A\u015fa\u011f\u0131daki ileti\u015fim bilgilerinden veya form\u00fcl\u00fc kullanarak belirli zamanlara g\u00f6z atabilirsiniz.[\/vc_column_text]\t<div class=\"owl-carousel owl-carousel--visible-2 \">\n\n\t\t\n\t\t\t<div class=\"mh-agent \">\n\t\t\t\t<div\n\t\t\t\t   class=\"mh-agent__thumbnail\"\n\t\t\t\t   title=\"Mustafa Kay\u0131han\">\n\t\t\t\t\t\t\t<img\r\n\t\t\t\t\t\t\tdata-srcset=\"https:\/\/ckkadioglu.com\/wp-content\/uploads\/2021\/12\/team-default-male-100x100.png 100w, https:\/\/ckkadioglu.com\/wp-content\/uploads\/2021\/12\/team-default-male-300x300.png 300w, https:\/\/ckkadioglu.com\/wp-content\/uploads\/2021\/12\/team-default-male-150x150.png 150w, https:\/\/ckkadioglu.com\/wp-content\/uploads\/2021\/12\/team-default-male-400x400.png 400w, https:\/\/ckkadioglu.com\/wp-content\/uploads\/2021\/12\/team-default-male-200x200.png 200w, https:\/\/ckkadioglu.com\/wp-content\/uploads\/2021\/12\/team-default-male.png 512w\"\r\n\t\t\t\tclass=\"lazyload \"\r\n\t\t\t\tdata-sizes=\"auto\"\r\n\t\t\t\t\t\talt=\"Mustafa Kay\u0131han\"\r\n\t\t>\r\n\t\t\t\t\t\t<\/div>\n\n\t\t\t\t<div class=\"mh-agent__content\">\n\t\t\t\t\t<h3 class=\"mh-agent__heading\">Mustafa Kay\u0131han<\/h3>\n\n\t\t\t\t\t\n\t\t\t\t\t\t\t\t\t\t\t<div class=\"mh-agent__additional-fields\">\n\t\t\t\t\t\t\t\t\t\t\t\t\t\t\t\t\t\t\t\t\t\t\t<div class=\"mh-agent__additional-fields__item organization\">\n                                    <strong>Emlak Dan\u0131\u015fman\u0131<\/strong>\t\t\t\t\t\t\t\t<\/div>\n\t\t\t\t\t\t\t\t\t\t\t\t\t\t\t\t\t\t\t\t\t\t\t<div class=\"mh-agent__additional-fields__item sort-order\">\n                                        \t\t\t\t\t\t\t\t\t<strong>\n    \t\t\t\t\t\t\t\t\t\tSort Order:\n    \t\t\t\t\t\t\t\t\t<\/strong>\n    \t\t\t\t\t\t\t\t\t    \t\t\t\t\t\t\t\t\t\t<a href=\"http:\/\/10\">\n    \t\t\t\t\t\t\t\t\t\t\t10    \t\t\t\t\t\t\t\t\t\t<\/a>\n    \t\t\t\t\t\t\t\t\t\t\t\t\t\t\t\t\t<\/div>\n\t\t\t\t\t\t\t\t\t\t\t\t\t<\/div>\n\t\t\t\t\t\n\t\t\t\t\t<div class=\"mh-agent-contact\">\n\t\t\t\t\t\t\t\t\t\t\t\t\t\t\t\t\t\t\t\t\t<div class=\"mh-agent-contact__element\">\n\t\t\t\t\t\t\t\t\t<a href=\"mailto:mkayihan@ckkadioglu.com\">\n\t\t\t\t\t\t\t\t\t\t<i class=\"flaticon-mail-2\"><\/i>\n\t\t\t\t\t\t\t\t\t\tmkayihan@ckkadioglu.com\t\t\t\t\t\t\t\t\t<\/a>\n\t\t\t\t\t\t\t\t<\/div>\n\t\t\t\t\t\t\t\t\t\t\t\t\t\n\t\t\t\t\t\t\t\t\t\t\t\t\t\t\t\t\t\t\t\t\t<div class=\"mh-agent-contact__element\">\n\t\t\t\t\t\t\t\t\t<a href=\"tel:+905376555457\">\n\t\t\t\t\t\t\t\t\t\t<i class=\"flaticon-phone\"><\/i>\n\t\t\t\t\t\t\t\t\t\t+90 537 655 54 57\t\t\t\t\t\t\t\t\t<\/a>\n\t\t\t\t\t\t\t\t<\/div>\n\t\t\t\t\t\t\t\t\t\t\t\t\t\t\t\t\t\t<\/div>\n\n\t\t\t\t\t\t\t\t\t\t\t<div class=\"mh-agent__social-wrapper\">\n\t\t\t\t\t\t\t<div class=\"mh-agent__social\">\n\t\t\t\t\t\t\t\t    <a href=\"http:\/\/www.facebook.com\/\"\r\n       target=\"_blank\">\r\n        <i class=\"fa fa-facebook\"><\/i>\r\n    <\/a>\r\n    <a href=\"http:\/\/www.twitter.com\/\"\r\n       target=\"_blank\">\r\n        <i class=\"fa fa-twitter\"><\/i>\r\n    <\/a>\r\n    <a href=\"http:\/\/www.instagram.com\/\"\r\n       target=\"_blank\">\r\n        <i class=\"fa fa-instagram\"><\/i>\r\n    <\/a>\r\n\t\t\t\t\t\t\t<\/div>\n\t\t\t\t\t\t<\/div>\n\t\t\t\t\t\n\t\t\t\t\t\t\t\t\t<\/div>\n\t\t\t<\/div>\n\n\t\t\n\t\t\t<div class=\"mh-agent \">\n\t\t\t\t<div\n\t\t\t\t   class=\"mh-agent__thumbnail\"\n\t\t\t\t   title=\"Gizem Aksoy\">\n\t\t\t\t\t\t\t\t\t<\/div>\n\n\t\t\t\t<div class=\"mh-agent__content\">\n\t\t\t\t\t<h3 class=\"mh-agent__heading\">Gizem Aksoy<\/h3>\n\n\t\t\t\t\t\n\t\t\t\t\t\t\t\t\t\t\t<div class=\"mh-agent__additional-fields\">\n\t\t\t\t\t\t\t\t\t\t\t\t\t\t\t\t\t\t\t\t\t\t\t<div class=\"mh-agent__additional-fields__item organization\">\n                                    <strong>Emlak Dan\u0131\u015fman\u0131<\/strong>\t\t\t\t\t\t\t\t<\/div>\n\t\t\t\t\t\t\t\t\t\t\t\t\t\t\t\t\t\t\t\t\t\t\t<div class=\"mh-agent__additional-fields__item sort-order\">\n                                        \t\t\t\t\t\t\t\t\t<strong>\n    \t\t\t\t\t\t\t\t\t\tSort Order:\n    \t\t\t\t\t\t\t\t\t<\/strong>\n    \t\t\t\t\t\t\t\t\t    \t\t\t\t\t\t\t\t\t\t<a href=\"http:\/\/20\">\n    \t\t\t\t\t\t\t\t\t\t\t20    \t\t\t\t\t\t\t\t\t\t<\/a>\n    \t\t\t\t\t\t\t\t\t\t\t\t\t\t\t\t\t<\/div>\n\t\t\t\t\t\t\t\t\t\t\t\t\t<\/div>\n\t\t\t\t\t\n\t\t\t\t\t<div class=\"mh-agent-contact\">\n\t\t\t\t\t\t\t\t\t\t\t\t\t\t\t\t\t\t\t\t\t<div class=\"mh-agent-contact__element\">\n\t\t\t\t\t\t\t\t\t<a href=\"mailto:gizem@ckkadioglu.com\">\n\t\t\t\t\t\t\t\t\t\t<i class=\"flaticon-mail-2\"><\/i>\n\t\t\t\t\t\t\t\t\t\tgizem@ckkadioglu.com\t\t\t\t\t\t\t\t\t<\/a>\n\t\t\t\t\t\t\t\t<\/div>\n\t\t\t\t\t\t\t\t\t\t\t\t\t\n\t\t\t\t\t\t\t\t\t\t\t\t\t\t\t\t\t\t\t\t\t\t\t\t<\/div>\n\n\t\t\t\t\t\t\t\t\t\t\t<div class=\"mh-agent__social-wrapper\">\n\t\t\t\t\t\t\t<div class=\"mh-agent__social\">\n\t\t\t\t\t\t\t\t    <a href=\"https:\/\/www.facebook.com\/AlanyaaCK\"\r\n       target=\"_blank\">\r\n        <i class=\"fa fa-facebook\"><\/i>\r\n    <\/a>\r\n    <a href=\"https:\/\/www.instagram.com\/ck_kadioglu\/\"\r\n       target=\"_blank\">\r\n        <i class=\"fa fa-instagram\"><\/i>\r\n    <\/a>\r\n\t\t\t\t\t\t\t<\/div>\n\t\t\t\t\t\t<\/div>\n\t\t\t\t\t\n\t\t\t\t\t\t\t\t\t<\/div>\n\t\t\t<\/div>\n\n\t\t\n\t<\/div>\n\n[\/vc_column][\/vc_row][vc_row][vc_column][vc_column_text]<\/span><\/span>[\/vc_column_text][\/vc_column][\/vc_row]<\/p>\n","protected":false},"excerpt":{"rendered":"<p>[vc_row full_width=&#8221;stretch_row_content_no_spaces&#8221;][vc_column][vc_gmaps link=&#8221;#E-8_JTNDaWZyYW1lJTIwc3JjJTNEJTIyaHR0cHMlM0ElMkYlMkZ3d3cuZ29vZ2xlLmNvbSUyRm1hcHMlMkZlbWJlZCUzRnBiJTNEJTIxMW0xNCUyMTFtOCUyMTFtMyUyMTFkNjQwOS43MzUzMDA3NzUxMzklMjEyZDMxLjk5Mzc1Njk5OTk5OTk5NSUyMTNkMzYuNTU3MzA0JTIxM20yJTIxMWkxMDI0JTIxMmk3NjglMjE0ZjEzLjElMjEzbTMlMjExbTIlMjExczB4MTRkYzk4ODFjNDRiODliNyUyNTNBMHg1YTdiZGExYmJlNzA4NjA1JTIxMnNTdWclMjVDMyUyNUI2eiUyNUMzJTI1QkMlMjUyQyUyNTIwS2V5a3ViYXQlMjUyMEJsdi4lMjUyME5vJTI1M0E4NyUyNTJDJTI1MjAwNzQwMCUyNTIwQWxhbnlhJTI1MkZBbnRhbHlhJTIxNWUwJTIxM20yJTIxMXNlbiUyMTJzdHIlMjE0djE2NTI2MDIwNTM3NjIlMjE1bTIlMjExc2VuJTIxMnN0ciUyMiUyMHdpZHRoJTNEJTIyNjAwJTIyJTIwaGVpZ2h0JTNEJTIyMzUwJTIyJTIwc3R5bGUlM0QlMjJib3JkZXIlM0EwJTNCJTIyJTIwYWxsb3dmdWxsc2NyZWVuJTNEJTIyJTIyJTIwbG9hZGluZyUzRCUyMmxhenklMjIlMjByZWZlcnJlcnBvbGljeSUzRCUyMm5vLXJlZmVycmVyLXdoZW4tZG93bmdyYWRlJTIyJTNFJTNDJTJGaWZyYW1lJTNF&#8221; css=&#8221;.vc_custom_1652608498786{margin-top: 0px !important;margin-right: 0px !important;margin-bottom: 0px !important;margin-left: 0px !important;border-top-width: 0px !important;border-right-width: 0px !important;border-bottom-width: 0px !important;border-left-width: 0px !important;padding-top: 0px !important;padding-right: 0px !important;padding-bottom: 0px !important;padding-left: 0px !important;}&#8221;][\/vc_column][\/vc_row][vc_row full_width=&#8221;stretch_row&#8221; css=&#8221;.vc_custom_1579341302886{border-top-width: 3px !important;border-top-color: #dd9933 !important;border-top-style: solid !important;}&#8221;][vc_column][vc_column_text]Bizimle ileti\u015fime ge\u00e7mek i\u00e7in a\u015fa\u011f\u0131daki bilgileri kullan\u0131n veya ileti\u015fim formunu kullanarak mesaj b\u0131rak\u0131n.[\/vc_column_text][\/vc_column][\/vc_row][vc_row full_width=&#8221;stretch_row&#8221; equal_height=&#8221;yes&#8221; css=&#8221;.vc_custom_1579341147743{margin-bottom: 48px !important;}&#8221;][vc_column width=&#8221;5\/12&#8243; css=&#8221;.vc_custom_1579345310746{padding-right: [&hellip;]<\/p>\n","protected":false},"author":14,"featured_media":0,"parent":0,"menu_order":0,"comment_status":"closed","ping_status":"closed","template":"page_full-width.php","meta":{"footnotes":""},"class_list":["post-1674","page","type-page","status-publish","hentry"],"_links":{"self":[{"href":"https:\/\/ckkadioglu.com\/tr\/wp-json\/wp\/v2\/pages\/1674","targetHints":{"allow":["GET"]}}],"collection":[{"href":"https:\/\/ckkadioglu.com\/tr\/wp-json\/wp\/v2\/pages"}],"about":[{"href":"https:\/\/ckkadioglu.com\/tr\/wp-json\/wp\/v2\/types\/page"}],"author":[{"embeddable":true,"href":"https:\/\/ckkadioglu.com\/tr\/wp-json\/wp\/v2\/users\/14"}],"replies":[{"embeddable":true,"href":"https:\/\/ckkadioglu.com\/tr\/wp-json\/wp\/v2\/comments?post=1674"}],"version-history":[{"count":4,"href":"https:\/\/ckkadioglu.com\/tr\/wp-json\/wp\/v2\/pages\/1674\/revisions"}],"predecessor-version":[{"id":9965,"href":"https:\/\/ckkadioglu.com\/tr\/wp-json\/wp\/v2\/pages\/1674\/revisions\/9965"}],"wp:attachment":[{"href":"https:\/\/ckkadioglu.com\/tr\/wp-json\/wp\/v2\/media?parent=1674"}],"curies":[{"name":"wp","href":"https:\/\/api.w.org\/{rel}","templated":true}]}}